{"id":95,"date":"2018-04-23T11:02:59","date_gmt":"2018-04-23T09:02:59","guid":{"rendered":"https:\/\/www.hoysethcamping.no\/?page_id=95"},"modified":"2026-03-16T13:08:48","modified_gmt":"2026-03-16T12:08:48","slug":"hoyseth-camping-in-the-heart-of-west-norwegian-nature","status":"publish","type":"page","link":"https:\/\/www.hoysethcamping.no\/en\/","title":{"rendered":"H\u00f8yseth camping &#8211; in the heart of West-Norwegian nature!"},"content":{"rendered":"<div class=\"wpb-content-wrapper\">[vc_row css_animation=&#8221;fadeIn&#8221; full_width=&#8221;stretch_row_content_no_spaces&#8221; content_placement=&#8221;middle&#8221; full_height=&#8221;yes&#8221; wpex_fixed_bg=&#8221;fixed&#8221; css=&#8221;.vc_custom_1524474131504{background-image: url(https:\/\/www.hoysethcamping.no\/wp-content\/uploads\/2018\/04\/hoyseth-camping-fossen.jpg?id=13) !important;}&#8221; wpex_bg_position=&#8221;center center&#8221; local_scroll_id=&#8221;intro&#8221; el_id=&#8221;waterfall&#8221;][vc_column][vc_column_text css_animation=&#8221;fadeInDown&#8221; text_align=&#8221;center&#8221; color=&#8221;#ffffff&#8221; font_size=&#8221;20px&#8221;]\n<h3>Welcome to H\u00f8yseth camping<\/h3>\n<p>H\u00f8yseth camping is located in the far end of Stardalen valley at the gateway to Jostedal glacier national park.[\/vc_column_text]<style>.vcex-button.vcex_69ee58d294e8e{border-radius:5px;background:#83c132;color:#ffffff!important;}.vcex-button.vcex_69ee58d294e8e:hover{background:#5e8b24!important;}<\/style><div class=\"vc_custom_1524474140526  wpb_animate_when_almost_visible wpb_fadeInUp fadeInUp wpex-clr\"><div class=\"theme-button-wrap textcenter wpex-clr\"><a href=\"#cabins\" class=\"vcex-button theme-button white large align-center inline local-scroll-link vcex_69ee58d294e8e\"><span class=\"vcex-button-inner theme-button-inner wpex-flex wpex-flex-wrap wpex-items-center wpex-justify-center\">Accomodation<span class=\"vcex-button-icon vcex-icon-wrap theme-button-icon-right\"><span class=\"wpex-icon\" aria-hidden=\"true\"><svg xmlns=\"http:\/\/www.w3.org\/2000\/svg\" viewBox=\"0 0 512 512\"><path d=\"M233.4 406.6c12.5 12.5 32.8 12.5 45.3 0l192-192c12.5-12.5 12.5-32.8 0-45.3s-32.8-12.5-45.3 0L256 338.7 86.6 169.4c-12.5-12.5-32.8-12.5-45.3 0s-12.5 32.8 0 45.3l192 192z\"\/><\/svg><\/span><\/span><\/span><\/a><\/div><\/div> [\/vc_column][\/vc_row][vc_row css_animation=&#8221;fadeIn&#8221; full_width=&#8221;stretch_row_content_no_spaces&#8221; content_placement=&#8221;middle&#8221; full_height=&#8221;yes&#8221; wpex_fixed_bg=&#8221;fixed&#8221; css=&#8221;.vc_custom_1524474122642{background-image: url(https:\/\/www.hoysethcamping.no\/wp-content\/uploads\/2018\/04\/hoyseth-camping-hytter.jpg?id=31) !important;}&#8221; wpex_bg_position=&#8221;center center&#8221; local_scroll_id=&#8221;overnatting&#8221; el_id=&#8221;cabins&#8221;][vc_column][vc_column_text css_animation=&#8221;fadeInDown&#8221; css=&#8221;.vc_custom_1550086089491{margin-bottom: 20px !important;}&#8221; text_align=&#8221;center&#8221; color=&#8221;#ffffff&#8221; font_size=&#8221;20px&#8221;]\n<h3>Cabins, campground, campers and caravans<\/h3>\n<p>Rent one of our simple and charming cabins that sleeps 2-6 persons,<br \/>\nput up your tent or park your caravan in the heart of West-Norwegian nature.[\/vc_column_text]<style>.vcex-button.vcex_69ee58d295f02{border-radius:5px;background:#83c132;color:#ffffff!important;}.vcex-button.vcex_69ee58d295f02:hover{background:#5e8b24!important;}<\/style><div class=\"vc_custom_1524474161096  wpb_animate_when_almost_visible wpb_fadeInUp fadeInUp wpex-clr\"><div class=\"theme-button-wrap textcenter wpex-clr\"><a href=\"#view\" class=\"vcex-button theme-button white large align-center inline local-scroll-link vcex_69ee58d295f02\"><span class=\"vcex-button-inner theme-button-inner wpex-flex wpex-flex-wrap wpex-items-center wpex-justify-center\">Activities<span class=\"vcex-button-icon vcex-icon-wrap theme-button-icon-right\"><span class=\"wpex-icon\" aria-hidden=\"true\"><svg xmlns=\"http:\/\/www.w3.org\/2000\/svg\" viewBox=\"0 0 512 512\"><path d=\"M233.4 406.6c12.5 12.5 32.8 12.5 45.3 0l192-192c12.5-12.5 12.5-32.8 0-45.3s-32.8-12.5-45.3 0L256 338.7 86.6 169.4c-12.5-12.5-32.8-12.5-45.3 0s-12.5 32.8 0 45.3l192 192z\"\/><\/svg><\/span><\/span><\/span><\/a><\/div><\/div> [\/vc_column][\/vc_row][vc_row css_animation=&#8221;fadeIn&#8221; full_width=&#8221;stretch_row_content_no_spaces&#8221; content_placement=&#8221;middle&#8221; full_height=&#8221;yes&#8221; wpex_fixed_bg=&#8221;fixed&#8221; css=&#8221;.vc_custom_1524474168496{background-image: url(https:\/\/www.hoysethcamping.no\/wp-content\/uploads\/2018\/04\/hoyseth-camping-utsikt.jpg?id=32) !important;}&#8221; wpex_bg_position=&#8221;center center&#8221; local_scroll_id=&#8221;view&#8221; el_id=&#8221;utsikten&#8221;][vc_column][vc_column_text css_animation=&#8221;fadeInDown&#8221; text_align=&#8221;center&#8221; color=&#8221;#ffffff&#8221; font_size=&#8221;20px&#8221;]\n<h3>Mountain trekking, glacier walks, hiking and fishing<\/h3>\n<p>The camping is an excellents starting point for trips to Haugabreen glacier during<br \/>\nsummer and Sn\u00f8nipa(1827m) for back country skiing in winter and spring.<\/p>\n<p>Come experience amazing nature![\/vc_column_text]<style>.vcex-button.vcex_69ee58d29685e{border-radius:5px;background:#83c132;color:#ffffff!important;}.vcex-button.vcex_69ee58d29685e:hover{background:#5e8b24!important;}<\/style><div class=\"vc_custom_1773662926077  wpb_animate_when_almost_visible wpb_fadeInUp fadeInUp wpex-clr\"><div class=\"theme-button-wrap textcenter wpex-clr\"><a href=\"https:\/\/www.hoysethcamping.no\/en\/contact-and-booking\/\" class=\"vcex-button theme-button white large align-center inline vcex_69ee58d29685e\"><span class=\"vcex-button-inner theme-button-inner wpex-flex wpex-flex-wrap wpex-items-center wpex-justify-center\">Book now<span class=\"vcex-button-icon vcex-icon-wrap theme-button-icon-right\"><span class=\"wpex-icon wpex-icon--bidi\" aria-hidden=\"true\"><svg xmlns=\"http:\/\/www.w3.org\/2000\/svg\" viewBox=\"0 0 320 512\"><path d=\"M310.6 233.4c12.5 12.5 12.5 32.8 0 45.3l-192 192c-12.5 12.5-32.8 12.5-45.3 0s-12.5-32.8 0-45.3L242.7 256 73.4 86.6c-12.5-12.5-12.5-32.8 0-45.3s32.8-12.5 45.3 0l192 192z\"\/><\/svg><\/span><\/span><\/span><\/a><\/div><\/div> [\/vc_column][\/vc_row]\n<\/div>","protected":false},"excerpt":{"rendered":"<p>[vc_row css_animation=&#8221;fadeIn&#8221; full_width=&#8221;stretch_row_content_no_spaces&#8221; content_placement=&#8221;middle&#8221; full_height=&#8221;yes&#8221; wpex_fixed_bg=&#8221;fixed&#8221; css=&#8221;.vc_custom_1524474131504{background-image: url(https:\/\/www.hoysethcamping.no\/wp-content\/uploads\/2018\/04\/hoyseth-camping-fossen.jpg?id=13) !important;}&#8221; wpex_bg_position=&#8221;center center&#8221; local_scroll_id=&#8221;intro&#8221; el_id=&#8221;waterfall&#8221;][vc_column][vc_column_text css_animation=&#8221;fadeInDown&#8221; text_align=&#8221;center&#8221; color=&#8221;#ffffff&#8221; font_size=&#8221;20px&#8221;] Welcome to H\u00f8yseth camping H\u00f8yseth camping is located in the far end of Stardalen valley at the gateway to Jostedal glacier national park.[\/vc_column_text][\/vc_column][\/vc_row][vc_row css_animation=&#8221;fadeIn&#8221; full_width=&#8221;stretch_row_content_no_spaces&#8221; content_placement=&#8221;middle&#8221; full_height=&#8221;yes&#8221; wpex_fixed_bg=&#8221;fixed&#8221; css=&#8221;.vc_custom_1524474122642{background-image: url(https:\/\/www.hoysethcamping.no\/wp-content\/uploads\/2018\/04\/hoyseth-camping-hytter.jpg?id=31) !important;}&#8221; wpex_bg_position=&#8221;center center&#8221; local_scroll_id=&#8221;overnatting&#8221; el_id=&#8221;cabins&#8221;][vc_column][vc_column_text css_animation=&#8221;fadeInDown&#8221; css=&#8221;.vc_custom_1550086089491{margin-bottom: 20px&hellip;<\/p>\n","protected":false},"author":1,"featured_media":86,"parent":0,"menu_order":0,"comment_status":"closed","ping_status":"closed","template":"","meta":{"footnotes":""},"class_list":["post-95","page","type-page","status-publish","has-post-thumbnail","hentry","entry","has-media"],"yoast_head":"<!-- This site is optimized with the Yoast SEO plugin v27.4 - https:\/\/yoast.com\/product\/yoast-seo-wordpress\/ -->\n<title>H\u00f8yseth camping - i hjertet av vakker vestlandsnatur!<\/title>\n<meta name=\"description\" content=\"Welcome to H\u00f8yseth camping! H\u00f8yseth camping is located in the far end of Stardalen valley at the gateway to Jostadal glacier national park. Rent one of our simple and charming cabins that sleeps 2-6 persons, put up your tent or park your caravan in the heart of West-Norwegian nature.\" \/>\n<meta name=\"robots\" content=\"index, follow, max-snippet:-1, max-image-preview:large, max-video-preview:-1\" \/>\n<link rel=\"canonical\" href=\"https:\/\/www.hoysethcamping.no\/en\/\" \/>\n<meta property=\"og:locale\" content=\"en_US\" \/>\n<meta property=\"og:type\" content=\"article\" \/>\n<meta property=\"og:title\" content=\"H\u00f8yseth camping - i hjertet av vakker vestlandsnatur!\" \/>\n<meta property=\"og:description\" content=\"Welcome to H\u00f8yseth camping! H\u00f8yseth camping is located in the far end of Stardalen valley at the gateway to Jostadal glacier national park. Rent one of our simple and charming cabins that sleeps 2-6 persons, put up your tent or park your caravan in the heart of West-Norwegian nature.\" \/>\n<meta property=\"og:url\" content=\"https:\/\/www.hoysethcamping.no\/en\/\" \/>\n<meta property=\"og:site_name\" content=\"H\u00f8yseth camping\" \/>\n<meta property=\"article:publisher\" content=\"https:\/\/www.facebook.com\/hoysethcamping\/\" \/>\n<meta property=\"article:modified_time\" content=\"2026-03-16T12:08:48+00:00\" \/>\n<meta property=\"og:image\" content=\"https:\/\/www.hoysethcamping.no\/wp-content\/uploads\/2018\/04\/hoyseth-camping-fossen.jpg\" \/>\n\t<meta property=\"og:image:width\" content=\"1920\" \/>\n\t<meta property=\"og:image:height\" content=\"1280\" \/>\n\t<meta property=\"og:image:type\" content=\"image\/jpeg\" \/>\n<meta name=\"twitter:card\" content=\"summary_large_image\" \/>\n<meta name=\"twitter:label1\" content=\"Est. reading time\" \/>\n\t<meta name=\"twitter:data1\" content=\"2 minutes\" \/>\n<script type=\"application\/ld+json\" class=\"yoast-schema-graph\">{\"@context\":\"https:\\\/\\\/schema.org\",\"@graph\":[{\"@type\":\"WebPage\",\"@id\":\"https:\\\/\\\/www.hoysethcamping.no\\\/en\\\/\",\"url\":\"https:\\\/\\\/www.hoysethcamping.no\\\/en\\\/\",\"name\":\"H\u00f8yseth camping - i hjertet av vakker vestlandsnatur!\",\"isPartOf\":{\"@id\":\"https:\\\/\\\/www.hoysethcamping.no\\\/#website\"},\"primaryImageOfPage\":{\"@id\":\"https:\\\/\\\/www.hoysethcamping.no\\\/en\\\/#primaryimage\"},\"image\":{\"@id\":\"https:\\\/\\\/www.hoysethcamping.no\\\/en\\\/#primaryimage\"},\"thumbnailUrl\":\"https:\\\/\\\/www.hoysethcamping.no\\\/wp-content\\\/uploads\\\/2018\\\/04\\\/hoyseth-camping-fossen.jpg\",\"datePublished\":\"2018-04-23T09:02:59+00:00\",\"dateModified\":\"2026-03-16T12:08:48+00:00\",\"description\":\"Welcome to H\u00f8yseth camping! H\u00f8yseth camping is located in the far end of Stardalen valley at the gateway to Jostadal glacier national park. Rent one of our simple and charming cabins that sleeps 2-6 persons, put up your tent or park your caravan in the heart of West-Norwegian nature.\",\"breadcrumb\":{\"@id\":\"https:\\\/\\\/www.hoysethcamping.no\\\/en\\\/#breadcrumb\"},\"inLanguage\":\"en-US\",\"potentialAction\":[{\"@type\":\"ReadAction\",\"target\":[\"https:\\\/\\\/www.hoysethcamping.no\\\/en\\\/\"]}]},{\"@type\":\"ImageObject\",\"inLanguage\":\"en-US\",\"@id\":\"https:\\\/\\\/www.hoysethcamping.no\\\/en\\\/#primaryimage\",\"url\":\"https:\\\/\\\/www.hoysethcamping.no\\\/wp-content\\\/uploads\\\/2018\\\/04\\\/hoyseth-camping-fossen.jpg\",\"contentUrl\":\"https:\\\/\\\/www.hoysethcamping.no\\\/wp-content\\\/uploads\\\/2018\\\/04\\\/hoyseth-camping-fossen.jpg\",\"width\":1920,\"height\":1280},{\"@type\":\"BreadcrumbList\",\"@id\":\"https:\\\/\\\/www.hoysethcamping.no\\\/en\\\/#breadcrumb\",\"itemListElement\":[{\"@type\":\"ListItem\",\"position\":1,\"name\":\"Hjem\",\"item\":\"https:\\\/\\\/www.hoysethcamping.no\\\/en\\\/\"},{\"@type\":\"ListItem\",\"position\":2,\"name\":\"H\u00f8yseth camping &#8211; in the heart of West-Norwegian nature!\"}]},{\"@type\":\"WebSite\",\"@id\":\"https:\\\/\\\/www.hoysethcamping.no\\\/#website\",\"url\":\"https:\\\/\\\/www.hoysethcamping.no\\\/\",\"name\":\"H\u00f8yseth camping\",\"description\":\"I hjertet av vakker vestlandsnatur\",\"publisher\":{\"@id\":\"https:\\\/\\\/www.hoysethcamping.no\\\/#organization\"},\"potentialAction\":[{\"@type\":\"SearchAction\",\"target\":{\"@type\":\"EntryPoint\",\"urlTemplate\":\"https:\\\/\\\/www.hoysethcamping.no\\\/?s={search_term_string}\"},\"query-input\":{\"@type\":\"PropertyValueSpecification\",\"valueRequired\":true,\"valueName\":\"search_term_string\"}}],\"inLanguage\":\"en-US\"},{\"@type\":\"Organization\",\"@id\":\"https:\\\/\\\/www.hoysethcamping.no\\\/#organization\",\"name\":\"H\u00f8yseth camping\",\"url\":\"https:\\\/\\\/www.hoysethcamping.no\\\/\",\"logo\":{\"@type\":\"ImageObject\",\"inLanguage\":\"en-US\",\"@id\":\"https:\\\/\\\/www.hoysethcamping.no\\\/#\\\/schema\\\/logo\\\/image\\\/\",\"url\":\"https:\\\/\\\/www.hoysethcamping.no\\\/wp-content\\\/uploads\\\/2018\\\/04\\\/hoyseth-camping-fossen.jpg\",\"contentUrl\":\"https:\\\/\\\/www.hoysethcamping.no\\\/wp-content\\\/uploads\\\/2018\\\/04\\\/hoyseth-camping-fossen.jpg\",\"width\":1920,\"height\":1280,\"caption\":\"H\u00f8yseth camping\"},\"image\":{\"@id\":\"https:\\\/\\\/www.hoysethcamping.no\\\/#\\\/schema\\\/logo\\\/image\\\/\"},\"sameAs\":[\"https:\\\/\\\/www.facebook.com\\\/hoysethcamping\\\/\"]}]}<\/script>\n<!-- \/ Yoast SEO plugin. -->","yoast_head_json":{"title":"H\u00f8yseth camping - i hjertet av vakker vestlandsnatur!","description":"Welcome to H\u00f8yseth camping! H\u00f8yseth camping is located in the far end of Stardalen valley at the gateway to Jostadal glacier national park. Rent one of our simple and charming cabins that sleeps 2-6 persons, put up your tent or park your caravan in the heart of West-Norwegian nature.","robots":{"index":"index","follow":"follow","max-snippet":"max-snippet:-1","max-image-preview":"max-image-preview:large","max-video-preview":"max-video-preview:-1"},"canonical":"https:\/\/www.hoysethcamping.no\/en\/","og_locale":"en_US","og_type":"article","og_title":"H\u00f8yseth camping - i hjertet av vakker vestlandsnatur!","og_description":"Welcome to H\u00f8yseth camping! H\u00f8yseth camping is located in the far end of Stardalen valley at the gateway to Jostadal glacier national park. Rent one of our simple and charming cabins that sleeps 2-6 persons, put up your tent or park your caravan in the heart of West-Norwegian nature.","og_url":"https:\/\/www.hoysethcamping.no\/en\/","og_site_name":"H\u00f8yseth camping","article_publisher":"https:\/\/www.facebook.com\/hoysethcamping\/","article_modified_time":"2026-03-16T12:08:48+00:00","og_image":[{"width":1920,"height":1280,"url":"https:\/\/www.hoysethcamping.no\/wp-content\/uploads\/2018\/04\/hoyseth-camping-fossen.jpg","type":"image\/jpeg"}],"twitter_card":"summary_large_image","twitter_misc":{"Est. reading time":"2 minutes"},"schema":{"@context":"https:\/\/schema.org","@graph":[{"@type":"WebPage","@id":"https:\/\/www.hoysethcamping.no\/en\/","url":"https:\/\/www.hoysethcamping.no\/en\/","name":"H\u00f8yseth camping - i hjertet av vakker vestlandsnatur!","isPartOf":{"@id":"https:\/\/www.hoysethcamping.no\/#website"},"primaryImageOfPage":{"@id":"https:\/\/www.hoysethcamping.no\/en\/#primaryimage"},"image":{"@id":"https:\/\/www.hoysethcamping.no\/en\/#primaryimage"},"thumbnailUrl":"https:\/\/www.hoysethcamping.no\/wp-content\/uploads\/2018\/04\/hoyseth-camping-fossen.jpg","datePublished":"2018-04-23T09:02:59+00:00","dateModified":"2026-03-16T12:08:48+00:00","description":"Welcome to H\u00f8yseth camping! H\u00f8yseth camping is located in the far end of Stardalen valley at the gateway to Jostadal glacier national park. Rent one of our simple and charming cabins that sleeps 2-6 persons, put up your tent or park your caravan in the heart of West-Norwegian nature.","breadcrumb":{"@id":"https:\/\/www.hoysethcamping.no\/en\/#breadcrumb"},"inLanguage":"en-US","potentialAction":[{"@type":"ReadAction","target":["https:\/\/www.hoysethcamping.no\/en\/"]}]},{"@type":"ImageObject","inLanguage":"en-US","@id":"https:\/\/www.hoysethcamping.no\/en\/#primaryimage","url":"https:\/\/www.hoysethcamping.no\/wp-content\/uploads\/2018\/04\/hoyseth-camping-fossen.jpg","contentUrl":"https:\/\/www.hoysethcamping.no\/wp-content\/uploads\/2018\/04\/hoyseth-camping-fossen.jpg","width":1920,"height":1280},{"@type":"BreadcrumbList","@id":"https:\/\/www.hoysethcamping.no\/en\/#breadcrumb","itemListElement":[{"@type":"ListItem","position":1,"name":"Hjem","item":"https:\/\/www.hoysethcamping.no\/en\/"},{"@type":"ListItem","position":2,"name":"H\u00f8yseth camping &#8211; in the heart of West-Norwegian nature!"}]},{"@type":"WebSite","@id":"https:\/\/www.hoysethcamping.no\/#website","url":"https:\/\/www.hoysethcamping.no\/","name":"H\u00f8yseth camping","description":"I hjertet av vakker vestlandsnatur","publisher":{"@id":"https:\/\/www.hoysethcamping.no\/#organization"},"potentialAction":[{"@type":"SearchAction","target":{"@type":"EntryPoint","urlTemplate":"https:\/\/www.hoysethcamping.no\/?s={search_term_string}"},"query-input":{"@type":"PropertyValueSpecification","valueRequired":true,"valueName":"search_term_string"}}],"inLanguage":"en-US"},{"@type":"Organization","@id":"https:\/\/www.hoysethcamping.no\/#organization","name":"H\u00f8yseth camping","url":"https:\/\/www.hoysethcamping.no\/","logo":{"@type":"ImageObject","inLanguage":"en-US","@id":"https:\/\/www.hoysethcamping.no\/#\/schema\/logo\/image\/","url":"https:\/\/www.hoysethcamping.no\/wp-content\/uploads\/2018\/04\/hoyseth-camping-fossen.jpg","contentUrl":"https:\/\/www.hoysethcamping.no\/wp-content\/uploads\/2018\/04\/hoyseth-camping-fossen.jpg","width":1920,"height":1280,"caption":"H\u00f8yseth camping"},"image":{"@id":"https:\/\/www.hoysethcamping.no\/#\/schema\/logo\/image\/"},"sameAs":["https:\/\/www.facebook.com\/hoysethcamping\/"]}]}},"_links":{"self":[{"href":"https:\/\/www.hoysethcamping.no\/en\/wp-json\/wp\/v2\/pages\/95","targetHints":{"allow":["GET"]}}],"collection":[{"href":"https:\/\/www.hoysethcamping.no\/en\/wp-json\/wp\/v2\/pages"}],"about":[{"href":"https:\/\/www.hoysethcamping.no\/en\/wp-json\/wp\/v2\/types\/page"}],"author":[{"embeddable":true,"href":"https:\/\/www.hoysethcamping.no\/en\/wp-json\/wp\/v2\/users\/1"}],"replies":[{"embeddable":true,"href":"https:\/\/www.hoysethcamping.no\/en\/wp-json\/wp\/v2\/comments?post=95"}],"version-history":[{"count":11,"href":"https:\/\/www.hoysethcamping.no\/en\/wp-json\/wp\/v2\/pages\/95\/revisions"}],"predecessor-version":[{"id":283,"href":"https:\/\/www.hoysethcamping.no\/en\/wp-json\/wp\/v2\/pages\/95\/revisions\/283"}],"wp:featuredmedia":[{"embeddable":true,"href":"https:\/\/www.hoysethcamping.no\/en\/wp-json\/wp\/v2\/media\/86"}],"wp:attachment":[{"href":"https:\/\/www.hoysethcamping.no\/en\/wp-json\/wp\/v2\/media?parent=95"}],"curies":[{"name":"wp","href":"https:\/\/api.w.org\/{rel}","templated":true}]}}