{"id":89,"date":"2018-04-10T09:26:40","date_gmt":"2018-04-10T07:26:40","guid":{"rendered":"https:\/\/www.hoysethcamping.no\/?page_id=89"},"modified":"2019-03-08T14:44:54","modified_gmt":"2019-03-08T13:44:54","slug":"about-us","status":"publish","type":"page","link":"https:\/\/www.hoysethcamping.no\/en\/about-us\/","title":{"rendered":"About us"},"content":{"rendered":"<div class=\"wpb-content-wrapper\">[vc_row][vc_column width=&#8221;2\/3&#8243;][vc_column_text]\n<h2>New owners at H\u00f8yseth camping<\/h2>\n<p>H\u00f8yseth camping got new owners. We are Staffan Henrik and Berthe Marie. H\u00f8yseth is a hidden gem located in the far end of Stardalen valley at the gateway to Jostadal glacier national park.<\/p>\n<h2>Cabins that sleeps 2-6 persons<\/h2>\n<p>H\u00f8yseth camping has eight simple and charming cabins that sleeps 2-6 persons. Each cabin has a hotplate, refrigerator and coffee brewer. Toilets, showers and a cleaning room in seperate building. Towels and linens for rent.<\/p>\n<p>We opened 1th of June 2018. Welcome![\/vc_column_text][\/vc_column][vc_column width=&#8221;1\/3&#8243;][vc_column_text]\n<h3>Local links<\/h3>\n<p><a href=\"https:\/\/www.sognefjord.no\/sunnfjord\/\" target=\"_blank\" rel=\"noopener noreferrer\">Sunnfjord utvikling<\/a><br \/>\n<a href=\"https:\/\/breogfjell.no\/\" target=\"_blank\" rel=\"noopener noreferrer\">Bre og fjell<\/a>[\/vc_column_text][\/vc_column][\/vc_row]\n<\/div>","protected":false},"excerpt":{"rendered":"<p>[vc_row][vc_column width=&#8221;2\/3&#8243;][vc_column_text] New owners at H\u00f8yseth camping H\u00f8yseth camping got new owners. We are Staffan Henrik and Berthe Marie. H\u00f8yseth is a hidden gem located in the far end of Stardalen valley at the gateway to Jostadal glacier national park. Cabins that sleeps 2-6 persons H\u00f8yseth camping has eight simple and charming cabins that sleeps&hellip;<\/p>\n","protected":false},"author":1,"featured_media":87,"parent":0,"menu_order":0,"comment_status":"closed","ping_status":"closed","template":"","meta":{"footnotes":""},"class_list":["post-89","page","type-page","status-publish","has-post-thumbnail","hentry","entry","has-media"],"yoast_head":"<!-- This site is optimized with the Yoast SEO plugin v27.4 - https:\/\/yoast.com\/product\/yoast-seo-wordpress\/ -->\n<title>About us | H\u00f8yseth camping<\/title>\n<meta name=\"robots\" content=\"index, follow, max-snippet:-1, max-image-preview:large, max-video-preview:-1\" \/>\n<link rel=\"canonical\" href=\"https:\/\/www.hoysethcamping.no\/en\/about-us\/\" \/>\n<meta property=\"og:locale\" content=\"en_US\" \/>\n<meta property=\"og:type\" content=\"article\" \/>\n<meta property=\"og:title\" content=\"About us | H\u00f8yseth camping\" \/>\n<meta property=\"og:description\" content=\"[vc_row][vc_column width=&#8221;2\/3&#8243;][vc_column_text] New owners at H\u00f8yseth camping H\u00f8yseth camping got new owners. We are Staffan Henrik and Berthe Marie. H\u00f8yseth is a hidden gem located in the far end of Stardalen valley at the gateway to Jostadal glacier national park. Cabins that sleeps 2-6 persons H\u00f8yseth camping has eight simple and charming cabins that sleeps&hellip;\" \/>\n<meta property=\"og:url\" content=\"https:\/\/www.hoysethcamping.no\/en\/about-us\/\" \/>\n<meta property=\"og:site_name\" content=\"H\u00f8yseth camping\" \/>\n<meta property=\"article:publisher\" content=\"https:\/\/www.facebook.com\/hoysethcamping\/\" \/>\n<meta property=\"article:modified_time\" content=\"2019-03-08T13:44:54+00:00\" \/>\n<meta property=\"og:image\" content=\"https:\/\/www.hoysethcamping.no\/wp-content\/uploads\/2018\/04\/hoyseth-camping-hytter.jpg\" \/>\n\t<meta property=\"og:image:width\" content=\"1920\" \/>\n\t<meta property=\"og:image:height\" content=\"1280\" \/>\n\t<meta property=\"og:image:type\" content=\"image\/jpeg\" \/>\n<meta name=\"twitter:card\" content=\"summary_large_image\" \/>\n<meta name=\"twitter:label1\" content=\"Est. reading time\" \/>\n\t<meta name=\"twitter:data1\" content=\"1 minute\" \/>\n<script type=\"application\/ld+json\" class=\"yoast-schema-graph\">{\"@context\":\"https:\\\/\\\/schema.org\",\"@graph\":[{\"@type\":\"WebPage\",\"@id\":\"https:\\\/\\\/www.hoysethcamping.no\\\/en\\\/about-us\\\/\",\"url\":\"https:\\\/\\\/www.hoysethcamping.no\\\/en\\\/about-us\\\/\",\"name\":\"About us | H\u00f8yseth camping\",\"isPartOf\":{\"@id\":\"https:\\\/\\\/www.hoysethcamping.no\\\/#website\"},\"primaryImageOfPage\":{\"@id\":\"https:\\\/\\\/www.hoysethcamping.no\\\/en\\\/about-us\\\/#primaryimage\"},\"image\":{\"@id\":\"https:\\\/\\\/www.hoysethcamping.no\\\/en\\\/about-us\\\/#primaryimage\"},\"thumbnailUrl\":\"https:\\\/\\\/www.hoysethcamping.no\\\/wp-content\\\/uploads\\\/2018\\\/04\\\/hoyseth-camping-hytter.jpg\",\"datePublished\":\"2018-04-10T07:26:40+00:00\",\"dateModified\":\"2019-03-08T13:44:54+00:00\",\"breadcrumb\":{\"@id\":\"https:\\\/\\\/www.hoysethcamping.no\\\/en\\\/about-us\\\/#breadcrumb\"},\"inLanguage\":\"en-US\",\"potentialAction\":[{\"@type\":\"ReadAction\",\"target\":[\"https:\\\/\\\/www.hoysethcamping.no\\\/en\\\/about-us\\\/\"]}]},{\"@type\":\"ImageObject\",\"inLanguage\":\"en-US\",\"@id\":\"https:\\\/\\\/www.hoysethcamping.no\\\/en\\\/about-us\\\/#primaryimage\",\"url\":\"https:\\\/\\\/www.hoysethcamping.no\\\/wp-content\\\/uploads\\\/2018\\\/04\\\/hoyseth-camping-hytter.jpg\",\"contentUrl\":\"https:\\\/\\\/www.hoysethcamping.no\\\/wp-content\\\/uploads\\\/2018\\\/04\\\/hoyseth-camping-hytter.jpg\",\"width\":1920,\"height\":1280},{\"@type\":\"BreadcrumbList\",\"@id\":\"https:\\\/\\\/www.hoysethcamping.no\\\/en\\\/about-us\\\/#breadcrumb\",\"itemListElement\":[{\"@type\":\"ListItem\",\"position\":1,\"name\":\"Hjem\",\"item\":\"https:\\\/\\\/www.hoysethcamping.no\\\/en\\\/\"},{\"@type\":\"ListItem\",\"position\":2,\"name\":\"About us\"}]},{\"@type\":\"WebSite\",\"@id\":\"https:\\\/\\\/www.hoysethcamping.no\\\/#website\",\"url\":\"https:\\\/\\\/www.hoysethcamping.no\\\/\",\"name\":\"H\u00f8yseth camping\",\"description\":\"I hjertet av vakker vestlandsnatur\",\"publisher\":{\"@id\":\"https:\\\/\\\/www.hoysethcamping.no\\\/#organization\"},\"potentialAction\":[{\"@type\":\"SearchAction\",\"target\":{\"@type\":\"EntryPoint\",\"urlTemplate\":\"https:\\\/\\\/www.hoysethcamping.no\\\/?s={search_term_string}\"},\"query-input\":{\"@type\":\"PropertyValueSpecification\",\"valueRequired\":true,\"valueName\":\"search_term_string\"}}],\"inLanguage\":\"en-US\"},{\"@type\":\"Organization\",\"@id\":\"https:\\\/\\\/www.hoysethcamping.no\\\/#organization\",\"name\":\"H\u00f8yseth camping\",\"url\":\"https:\\\/\\\/www.hoysethcamping.no\\\/\",\"logo\":{\"@type\":\"ImageObject\",\"inLanguage\":\"en-US\",\"@id\":\"https:\\\/\\\/www.hoysethcamping.no\\\/#\\\/schema\\\/logo\\\/image\\\/\",\"url\":\"https:\\\/\\\/www.hoysethcamping.no\\\/wp-content\\\/uploads\\\/2018\\\/04\\\/hoyseth-camping-fossen.jpg\",\"contentUrl\":\"https:\\\/\\\/www.hoysethcamping.no\\\/wp-content\\\/uploads\\\/2018\\\/04\\\/hoyseth-camping-fossen.jpg\",\"width\":1920,\"height\":1280,\"caption\":\"H\u00f8yseth camping\"},\"image\":{\"@id\":\"https:\\\/\\\/www.hoysethcamping.no\\\/#\\\/schema\\\/logo\\\/image\\\/\"},\"sameAs\":[\"https:\\\/\\\/www.facebook.com\\\/hoysethcamping\\\/\"]}]}<\/script>\n<!-- \/ Yoast SEO plugin. -->","yoast_head_json":{"title":"About us | H\u00f8yseth camping","robots":{"index":"index","follow":"follow","max-snippet":"max-snippet:-1","max-image-preview":"max-image-preview:large","max-video-preview":"max-video-preview:-1"},"canonical":"https:\/\/www.hoysethcamping.no\/en\/about-us\/","og_locale":"en_US","og_type":"article","og_title":"About us | H\u00f8yseth camping","og_description":"[vc_row][vc_column width=&#8221;2\/3&#8243;][vc_column_text] New owners at H\u00f8yseth camping H\u00f8yseth camping got new owners. We are Staffan Henrik and Berthe Marie. H\u00f8yseth is a hidden gem located in the far end of Stardalen valley at the gateway to Jostadal glacier national park. Cabins that sleeps 2-6 persons H\u00f8yseth camping has eight simple and charming cabins that sleeps&hellip;","og_url":"https:\/\/www.hoysethcamping.no\/en\/about-us\/","og_site_name":"H\u00f8yseth camping","article_publisher":"https:\/\/www.facebook.com\/hoysethcamping\/","article_modified_time":"2019-03-08T13:44:54+00:00","og_image":[{"width":1920,"height":1280,"url":"https:\/\/www.hoysethcamping.no\/wp-content\/uploads\/2018\/04\/hoyseth-camping-hytter.jpg","type":"image\/jpeg"}],"twitter_card":"summary_large_image","twitter_misc":{"Est. reading time":"1 minute"},"schema":{"@context":"https:\/\/schema.org","@graph":[{"@type":"WebPage","@id":"https:\/\/www.hoysethcamping.no\/en\/about-us\/","url":"https:\/\/www.hoysethcamping.no\/en\/about-us\/","name":"About us | H\u00f8yseth camping","isPartOf":{"@id":"https:\/\/www.hoysethcamping.no\/#website"},"primaryImageOfPage":{"@id":"https:\/\/www.hoysethcamping.no\/en\/about-us\/#primaryimage"},"image":{"@id":"https:\/\/www.hoysethcamping.no\/en\/about-us\/#primaryimage"},"thumbnailUrl":"https:\/\/www.hoysethcamping.no\/wp-content\/uploads\/2018\/04\/hoyseth-camping-hytter.jpg","datePublished":"2018-04-10T07:26:40+00:00","dateModified":"2019-03-08T13:44:54+00:00","breadcrumb":{"@id":"https:\/\/www.hoysethcamping.no\/en\/about-us\/#breadcrumb"},"inLanguage":"en-US","potentialAction":[{"@type":"ReadAction","target":["https:\/\/www.hoysethcamping.no\/en\/about-us\/"]}]},{"@type":"ImageObject","inLanguage":"en-US","@id":"https:\/\/www.hoysethcamping.no\/en\/about-us\/#primaryimage","url":"https:\/\/www.hoysethcamping.no\/wp-content\/uploads\/2018\/04\/hoyseth-camping-hytter.jpg","contentUrl":"https:\/\/www.hoysethcamping.no\/wp-content\/uploads\/2018\/04\/hoyseth-camping-hytter.jpg","width":1920,"height":1280},{"@type":"BreadcrumbList","@id":"https:\/\/www.hoysethcamping.no\/en\/about-us\/#breadcrumb","itemListElement":[{"@type":"ListItem","position":1,"name":"Hjem","item":"https:\/\/www.hoysethcamping.no\/en\/"},{"@type":"ListItem","position":2,"name":"About us"}]},{"@type":"WebSite","@id":"https:\/\/www.hoysethcamping.no\/#website","url":"https:\/\/www.hoysethcamping.no\/","name":"H\u00f8yseth camping","description":"I hjertet av vakker vestlandsnatur","publisher":{"@id":"https:\/\/www.hoysethcamping.no\/#organization"},"potentialAction":[{"@type":"SearchAction","target":{"@type":"EntryPoint","urlTemplate":"https:\/\/www.hoysethcamping.no\/?s={search_term_string}"},"query-input":{"@type":"PropertyValueSpecification","valueRequired":true,"valueName":"search_term_string"}}],"inLanguage":"en-US"},{"@type":"Organization","@id":"https:\/\/www.hoysethcamping.no\/#organization","name":"H\u00f8yseth camping","url":"https:\/\/www.hoysethcamping.no\/","logo":{"@type":"ImageObject","inLanguage":"en-US","@id":"https:\/\/www.hoysethcamping.no\/#\/schema\/logo\/image\/","url":"https:\/\/www.hoysethcamping.no\/wp-content\/uploads\/2018\/04\/hoyseth-camping-fossen.jpg","contentUrl":"https:\/\/www.hoysethcamping.no\/wp-content\/uploads\/2018\/04\/hoyseth-camping-fossen.jpg","width":1920,"height":1280,"caption":"H\u00f8yseth camping"},"image":{"@id":"https:\/\/www.hoysethcamping.no\/#\/schema\/logo\/image\/"},"sameAs":["https:\/\/www.facebook.com\/hoysethcamping\/"]}]}},"_links":{"self":[{"href":"https:\/\/www.hoysethcamping.no\/en\/wp-json\/wp\/v2\/pages\/89","targetHints":{"allow":["GET"]}}],"collection":[{"href":"https:\/\/www.hoysethcamping.no\/en\/wp-json\/wp\/v2\/pages"}],"about":[{"href":"https:\/\/www.hoysethcamping.no\/en\/wp-json\/wp\/v2\/types\/page"}],"author":[{"embeddable":true,"href":"https:\/\/www.hoysethcamping.no\/en\/wp-json\/wp\/v2\/users\/1"}],"replies":[{"embeddable":true,"href":"https:\/\/www.hoysethcamping.no\/en\/wp-json\/wp\/v2\/comments?post=89"}],"version-history":[{"count":8,"href":"https:\/\/www.hoysethcamping.no\/en\/wp-json\/wp\/v2\/pages\/89\/revisions"}],"predecessor-version":[{"id":263,"href":"https:\/\/www.hoysethcamping.no\/en\/wp-json\/wp\/v2\/pages\/89\/revisions\/263"}],"wp:featuredmedia":[{"embeddable":true,"href":"https:\/\/www.hoysethcamping.no\/en\/wp-json\/wp\/v2\/media\/87"}],"wp:attachment":[{"href":"https:\/\/www.hoysethcamping.no\/en\/wp-json\/wp\/v2\/media?parent=89"}],"curies":[{"name":"wp","href":"https:\/\/api.w.org\/{rel}","templated":true}]}}